{"id":2052,"date":"2017-07-19T09:33:28","date_gmt":"2017-07-19T09:33:28","guid":{"rendered":"https:\/\/stamatiahotel.ced-dev.com\/galerie\/"},"modified":"2022-06-06T12:38:33","modified_gmt":"2022-06-06T12:38:33","slug":"gallery","status":"publish","type":"page","link":"https:\/\/www.stamatiahotel.com\/de\/gallery\/","title":{"rendered":"GALERIE"},"content":{"rendered":"<div class=\"wpb-content-wrapper\"><p>[vc_row][vc_column][vc_empty_space] <h6 style=\"color:#878787;padding:px;text-align:center;font-size:12px;line-height:12px;letter-spacing: 2px;font-weight:lighter\" class=\"   nd_options_second_font \">GALLERY<\/h6> <div style=\"background-color:;height: 10px\" class=\"nicdark_section  \"><\/div>\n    <div class=\"nd_options_section nd_options_line_height_0  nd_options_text_align_center \">\n        <span style=\"height:1px;width:30px;background-color:#878787\" class=\"nd_options_display_inline_block\"><\/span>\n    <\/div>\n   <div style=\"background-color:;height: 30px\" class=\"nicdark_section  \"><\/div> <h1 style=\"color:#1c1c1c;padding:px;text-align:center;font-size:55px;line-height:55px;letter-spacing: px;font-weight:normal\" class=\"  nd_options_font_size_40_important_all_iphone nd_options_first_font \">Hotel<\/h1> [\/vc_column][\/vc_row][vc_row css=&#8220;.vc_custom_1503567654949{margin-top: 50px !important;margin-bottom: 50px !important;}&#8220;][vc_column width=&#8220;1\/4&#8243;]\n\n  <div class=\"  nd_options_section nd_options_position_relative nd_options_fadein_fadeout nd_options_overflow_hidden\">    \n\n    <img decoding=\"async\" alt=\"\" class=\"nd_options_section nd_options_zoom_image\" src=\"https:\/\/www.stamatiahotel.com\/wp-content\/uploads\/2022\/02\/lobby.png\">\n\n    <!--filter-->\n    <div class=\"nd_options_fadeout nd_options_bg_greydark_alpha_2_2 nd_options_position_absolute nd_options_height_100_percentage nd_options_width_100_percentage\">  \n    <\/div>\n    <!--end filter-->\n\n    <!--start content-->\n    <div class=\"nd_options_fadein nd_options_bg_greydark_alpha_5 nd_options_position_absolute nd_options_height_100_percentage nd_options_width_100_percentage\">\n        <div class=\"nd_options_position_absolute nd_options_display_table nd_options_height_100_percentage nd_options_width_100_percentage\">\n            <div class=\"nd_options_display_table_cell nd_options_vertical_align_middle nd_options_text_align_center\">\n                <h3 style=\"color:#fff;font-size:17px;line-height:17px\" class=\"\"><\/h3>\n                <div class=\"nd_options_section nd_options_height_20\"><\/div>\n                <div class=\"nd_options_mpopup_gallery\"><a style=\"font-size:15px;line-height:15px;color:#fff\" class=\" nd_options_outline_0  nd_options_mpopup_gallery\" href=\"https:\/\/www.stamatiahotel.com\/wp-content\/uploads\/2022\/02\/lobby.png\">VIEW IMAGE<\/a><\/div>\n            <\/div>   \n        <\/div>   \n    <\/div>\n    <!--end content-->\n\n<\/div>\n\n   <div style=\"background-color:;height: 30px\" class=\"nicdark_section  \"><\/div>\n\n  <div class=\"  nd_options_section nd_options_position_relative nd_options_fadein_fadeout nd_options_overflow_hidden\">    \n\n    <img decoding=\"async\" alt=\"\" class=\"nd_options_section nd_options_zoom_image\" src=\"https:\/\/www.stamatiahotel.com\/wp-content\/uploads\/2022\/02\/gallery1.png\">\n\n    <!--filter-->\n    <div class=\"nd_options_fadeout nd_options_bg_greydark_alpha_2_2 nd_options_position_absolute nd_options_height_100_percentage nd_options_width_100_percentage\">  \n    <\/div>\n    <!--end filter-->\n\n    <!--start content-->\n    <div class=\"nd_options_fadein nd_options_bg_greydark_alpha_5 nd_options_position_absolute nd_options_height_100_percentage nd_options_width_100_percentage\">\n        <div class=\"nd_options_position_absolute nd_options_display_table nd_options_height_100_percentage nd_options_width_100_percentage\">\n            <div class=\"nd_options_display_table_cell nd_options_vertical_align_middle nd_options_text_align_center\">\n                <h3 style=\"color:#fff;font-size:17px;line-height:17px\" class=\"\"><\/h3>\n                <div class=\"nd_options_section nd_options_height_20\"><\/div>\n                <div class=\"nd_options_mpopup_gallery\"><a style=\"font-size:15px;line-height:15px;color:#fff\" class=\" nd_options_outline_0  nd_options_mpopup_gallery\" href=\"https:\/\/www.stamatiahotel.com\/wp-content\/uploads\/2022\/02\/gallery1.png\">VIEW IMAGE<\/a><\/div>\n            <\/div>   \n        <\/div>   \n    <\/div>\n    <!--end content-->\n\n<\/div>\n\n   <div style=\"background-color:;height: 15px\" class=\"nicdark_section  \"><\/div>[\/vc_column][vc_column width=&#8220;1\/2&#8243;]\n\n  <div class=\"  nd_options_section nd_options_position_relative nd_options_fadein_fadeout nd_options_overflow_hidden\">    \n\n    <img decoding=\"async\" alt=\"\" class=\"nd_options_section nd_options_zoom_image\" src=\"https:\/\/www.stamatiahotel.com\/wp-content\/uploads\/2022\/02\/pool.png\">\n\n    <!--filter-->\n    <div class=\"nd_options_fadeout nd_options_bg_greydark_alpha_2_2 nd_options_position_absolute nd_options_height_100_percentage nd_options_width_100_percentage\">  \n    <\/div>\n    <!--end filter-->\n\n    <!--start content-->\n    <div class=\"nd_options_fadein nd_options_bg_greydark_alpha_5 nd_options_position_absolute nd_options_height_100_percentage nd_options_width_100_percentage\">\n        <div class=\"nd_options_position_absolute nd_options_display_table nd_options_height_100_percentage nd_options_width_100_percentage\">\n            <div class=\"nd_options_display_table_cell nd_options_vertical_align_middle nd_options_text_align_center\">\n                <h3 style=\"color:#fff;font-size:17px;line-height:17px\" class=\"\"><\/h3>\n                <div class=\"nd_options_section nd_options_height_20\"><\/div>\n                <div class=\"nd_options_mpopup_gallery\"><a style=\"font-size:15px;line-height:15px;color:#fff\" class=\" nd_options_outline_0  nd_options_mpopup_gallery\" href=\"https:\/\/www.stamatiahotel.com\/wp-content\/uploads\/2022\/02\/pool.png\">VIEW IMAGE<\/a><\/div>\n            <\/div>   \n        <\/div>   \n    <\/div>\n    <!--end content-->\n\n<\/div>\n\n   <div style=\"background-color:;height: 15px\" class=\"nicdark_section  \"><\/div>[\/vc_column][vc_column width=&#8220;1\/4&#8243;]\n\n  <div class=\"  nd_options_section nd_options_position_relative nd_options_fadein_fadeout nd_options_overflow_hidden\">    \n\n    <img decoding=\"async\" alt=\"\" class=\"nd_options_section nd_options_zoom_image\" src=\"https:\/\/www.stamatiahotel.com\/wp-content\/uploads\/2022\/02\/garrery4.png\">\n\n    <!--filter-->\n    <div class=\"nd_options_fadeout nd_options_bg_greydark_alpha_2_2 nd_options_position_absolute nd_options_height_100_percentage nd_options_width_100_percentage\">  \n    <\/div>\n    <!--end filter-->\n\n    <!--start content-->\n    <div class=\"nd_options_fadein nd_options_bg_greydark_alpha_5 nd_options_position_absolute nd_options_height_100_percentage nd_options_width_100_percentage\">\n        <div class=\"nd_options_position_absolute nd_options_display_table nd_options_height_100_percentage nd_options_width_100_percentage\">\n            <div class=\"nd_options_display_table_cell nd_options_vertical_align_middle nd_options_text_align_center\">\n                <h3 style=\"color:#fff;font-size:17px;line-height:17px\" class=\"\"><\/h3>\n                <div class=\"nd_options_section nd_options_height_20\"><\/div>\n                <div class=\"nd_options_mpopup_gallery\"><a style=\"font-size:15px;line-height:15px;color:#fff\" class=\" nd_options_outline_0  nd_options_mpopup_gallery\" href=\"https:\/\/www.stamatiahotel.com\/wp-content\/uploads\/2022\/02\/garrery4.png\">VIEW IMAGE<\/a><\/div>\n            <\/div>   \n        <\/div>   \n    <\/div>\n    <!--end content-->\n\n<\/div>\n\n   <div style=\"background-color:;height: 30px\" class=\"nicdark_section  \"><\/div>\n\n  <div class=\"  nd_options_section nd_options_position_relative nd_options_fadein_fadeout nd_options_overflow_hidden\">    \n\n    <img decoding=\"async\" alt=\"\" class=\"nd_options_section nd_options_zoom_image\" src=\"https:\/\/www.stamatiahotel.com\/wp-content\/uploads\/2022\/02\/gallery2.png\">\n\n    <!--filter-->\n    <div class=\"nd_options_fadeout nd_options_bg_greydark_alpha_2_2 nd_options_position_absolute nd_options_height_100_percentage nd_options_width_100_percentage\">  \n    <\/div>\n    <!--end filter-->\n\n    <!--start content-->\n    <div class=\"nd_options_fadein nd_options_bg_greydark_alpha_5 nd_options_position_absolute nd_options_height_100_percentage nd_options_width_100_percentage\">\n        <div class=\"nd_options_position_absolute nd_options_display_table nd_options_height_100_percentage nd_options_width_100_percentage\">\n            <div class=\"nd_options_display_table_cell nd_options_vertical_align_middle nd_options_text_align_center\">\n                <h3 style=\"color:#fff;font-size:17px;line-height:17px\" class=\"\"><\/h3>\n                <div class=\"nd_options_section nd_options_height_20\"><\/div>\n                <div class=\"nd_options_mpopup_gallery\"><a style=\"font-size:15px;line-height:15px;color:#fff\" class=\" nd_options_outline_0  nd_options_mpopup_gallery\" href=\"https:\/\/www.stamatiahotel.com\/wp-content\/uploads\/2022\/02\/gallery2.png\">VIEW IMAGE<\/a><\/div>\n            <\/div>   \n        <\/div>   \n    <\/div>\n    <!--end content-->\n\n<\/div>\n\n   <div style=\"background-color:;height: 15px\" class=\"nicdark_section  \"><\/div>[\/vc_column][\/vc_row][vc_row full_width=&#8220;stretch_row&#8220; css=&#8220;.vc_custom_1503582343915{padding-top: 70px !important;background-color: #f9f9f9 !important;}&#8220;][vc_column] <h6 style=\"color:#878787;padding:px;text-align:center;font-size:12px;line-height:12px;letter-spacing: 2px;font-weight:lighter\" class=\"   nd_options_second_font \">GALLERY<\/h6> <div style=\"background-color:;height: 10px\" class=\"nicdark_section  \"><\/div>\n    <div class=\"nd_options_section nd_options_line_height_0  nd_options_text_align_center \">\n        <span style=\"height:1px;width:30px;background-color:#878787\" class=\"nd_options_display_inline_block\"><\/span>\n    <\/div>\n   <div style=\"background-color:;height: 30px\" class=\"nicdark_section  \"><\/div> <h1 style=\"color:#1c1c1c;padding:px;text-align:center;font-size:55px;line-height:55px;letter-spacing: px;font-weight:normal\" class=\"  nd_options_font_size_40_important_all_iphone nd_options_first_font \">Zimmer<\/h1> [vc_row_inner][vc_column_inner][vc_empty_space] <h2 style=\"color:;padding:px;text-align:center;font-size:px;line-height:px;letter-spacing: px;font-weight:\" class=\"    \">JUNIOR-SUITEN FAMILIENZIMMER MIT MEERBLICK<\/h2> [vc_empty_space height=&#8220;15px&#8220;][\/vc_column_inner][\/vc_row_inner][vc_row_inner][vc_column_inner width=&#8220;1\/2&#8243;][vc_gallery type=&#8220;flexslider_slide&#8220; interval=&#8220;3&#8243; images=&#8220;2373,2376,2379,2382&#8243; img_size=&#8220;full&#8220;][\/vc_column_inner][vc_column_inner width=&#8220;1\/2&#8243;][vc_column_text]Die Junior Suite Familienzimmer mit Meerblick sind einzigartig ger\u00e4umige Zimmer, die Platz f\u00fcr zwei Erwachsene bieten in einem Doppelbett, mit Etagenbetten, in denen auch zwei Kinder Platz finden. Das Familienzimmer kann k\u00f6nnen auch 3 Erwachsene (mit Klappbett f\u00fcr den zus\u00e4tzlichen Erwachsenen) und ein Kind untergebracht werden. Das Zimmer kann geteilt werden durch interne Schiebet\u00fcren unterteilt werden.<br \/>\nUnsere Junior Suiten verbinden zeitgen\u00f6ssisches Design mit modernen Annehmlichkeiten und bieten eine komfortable und entspannende Umgebung f\u00fcr die ganze Familie.<br \/>\nEbenso spektakul\u00e4r wie die atemberaubende Aussicht ist diese Zimmerkategorie mit zwei seitlichen Balkonen, auch mit einen wunderbaren Sonnenaufgang und einen farbenfrohen Sonnenuntergang. Wenn die Sonne im endlosen Meer versinkt, bietet sich ein einen herrlichen Anblick, den selbst die st\u00e4rksten Worte nicht beschreiben k\u00f6nnen.<br \/>\nZimmergr\u00f6\u00dfe: 32,50 Quadratmeter.[\/vc_column_text][\/vc_column_inner][\/vc_row_inner][vc_empty_space height=&#8220;50px&#8220;][vc_row_inner][vc_column_inner][vc_empty_space] <h2 style=\"color:;padding:px;text-align:center;font-size:px;line-height:px;letter-spacing: px;font-weight:\" class=\"    \">SUPERIOR ZIMMER<\/h2> [vc_empty_space height=&#8220;15px&#8220;][\/vc_column_inner][\/vc_row_inner][vc_row_inner][vc_column_inner width=&#8220;1\/2&#8243;][vc_column_text]<\/p>\n<h4>SUPERIOR ZIMMER MIT SEITLICHEM MEERBLICK<\/h4>\n<p>Alle Zimmer haben einen Balkon mit teilweisem seitlichem Meerblick, entweder auf die Hafenbucht oder auf die Stadt von Ayia Napa. Begrenzte Anzahl von Zimmern mit Verbindungst\u00fcr auf Anfrage. Zimmergr\u00f6\u00dfe: 22 Quadratmeter. Einige Zimmer mit seitlichem Meerblick sind etwas gr\u00f6\u00dfer, bis zu 23,50 Quadratmeter.<\/p>\n<p>&nbsp;<\/p>\n<h4>SUPERIOR-ZIMMER MIT MEERBLICK<\/h4>\n<p>Ein Zimmer mit Meerblick bietet einen atemberaubenden Blick auf das wunderbare Meer von Ayia Napa, was diese Zimmer ideal macht f\u00fcr alle, die sich entspannen und dabei den atemberaubenden Blick auf die spektakul\u00e4re Hafenbucht mit ihrem goldenen Sand und kristallklarem Wasser oder die westliche Meerseite mit dem wundersch\u00f6nen Sonnenaufgang. Gr\u00f6\u00dfe des Zimmers: 22 Quadratmeter.<\/p>\n<p>&nbsp;<\/p>\n<h4>SUPERIOR-ZIMMER MIT BLICK INS INLAND<\/h4>\n<p>Einige dieser eleganten, komfortablen Superior-Zimmer haben Inland blick.[\/vc_column_text][\/vc_column_inner][vc_column_inner width=&#8220;1\/2&#8243;][vc_gallery type=&#8220;flexslider_slide&#8220; interval=&#8220;3&#8243; images=&#8220;2406,2409,2412,2415,2418,2421,2424&#8243; img_size=&#8220;full&#8220;][\/vc_column_inner][\/vc_row_inner][vc_empty_space][vc_column_text]<strong>Anmerkung:<\/strong><\/p>\n<p>Die maximale Kapazit\u00e4t aller Zimmertypen, mit Ausnahme der Familienzimmer, betr\u00e4gt drei Erwachsene (mit Klappbett oder Sesselbett f\u00fcr den dritten Erwachsenen) oder zwei Erwachsene und zwei Kinder. (Kinder werden untergebracht in Sesselbett, einem zus\u00e4tzlichen Klappbett oder Etagenbett untergebracht).<br \/>\nBitte beachten Sie, dass ein Zimmer mit 2 zus\u00e4tzlichen Klappbetten oder Etagenbetten \u00fcberf\u00fcllt sein wird.[\/vc_column_text][vc_empty_space][\/vc_column][\/vc_row][vc_row][vc_column][vc_empty_space][vc_row_inner][vc_column_inner width=&#8220;1\/2&#8243;][vc_column_text]<\/p>\n<h4>Ausstattung der G\u00e4stezimmer:<\/h4>\n<p>Klimatisierung<br \/>\nStuhl und Tisch im Schlafzimmer<br \/>\nBalkon oder Terrasse mit einem Tisch und zwei St\u00fchlen im Freien<br \/>\nBadezimmer mit Badewanne\/Dusche oder Duschkabine<br \/>\nZentralheizung<br \/>\nDoppelbett oder zwei Einzelbetten<br \/>\nSchminktisch mit Hocker<br \/>\nSchminktisch<br \/>\nFlachbild-Satelliten-Farbfernseher<br \/>\nHaartrockner<br \/>\nInternationale Direktwahltelefonleitung*<br \/>\nMini-K\u00fchlschrank<br \/>\nPrivates Schlie\u00dffach *<br \/>\nRauchmelder<br \/>\nTV-Radio-Kan\u00e4le<br \/>\nWand-W\u00e4schest\u00e4nder<br \/>\nWi-Fi Internetanschluss KOSTENLOS in allen Zimmern[\/vc_column_text][\/vc_column_inner][vc_column_inner width=&#8220;1\/2&#8243;][vc_column_text]<\/p>\n<h4>G\u00e4steservice-Einrichtungen:<\/h4>\n<p>24-Stunden-Rezeption<br \/>\nBabysitting auf Anfrage*<br \/>\nStrandhandt\u00fccher*<br \/>\nGeldwechsel-Service<br \/>\nAutovermietung*<br \/>\nSelbstbedienungs-Waschmaschine mit M\u00fcnzen*<br \/>\nUmkleideraum &#8211; Erleichterung bei sp\u00e4ter Abreise<br \/>\nArzt auf Abruf*<br \/>\nKostenloses B\u00fcgelbrett<br \/>\nKostenloses B\u00fcgeleisen mit r\u00fcckzahlbarem Pfand<br \/>\nBlumenservice*<br \/>\nKostenloses Parken<br \/>\nHoteleigene Gesch\u00e4fte (nebenan) f\u00fcr Zeitungen\/Getr\u00e4nke\/Geschenke\/Souvenirs*<br \/>\nW\u00e4scherei und chemische Reinigung*<br \/>\nGep\u00e4ckaufbewahrung<br \/>\nMehrsprachiges Personal<br \/>\nSightseeing-Tour*<br \/>\nTaxi-Service*<br \/>\nWi-Fi Internetverbindung in allen \u00f6ffentlichen Bereichen KOSTENLOS<br \/>\n<strong>* Extrakosten<\/strong>[\/vc_column_text][\/vc_column_inner][\/vc_row_inner][vc_empty_space][\/vc_column][\/vc_row]<\/p>\n<\/div>","protected":false},"excerpt":{"rendered":"<p>[vc_row][vc_column][vc_empty_space][\/vc_column][\/vc_row][vc_row css=&#8220;.vc_custom_1503567654949{margin-top: 50px !important;margin-bottom: 50px !important;}&#8220;][vc_column width=&#8220;1\/4&#8243;][\/vc_column][vc_column width=&#8220;1\/2&#8243;][\/vc_column][vc_column width=&#8220;1\/4&#8243;][\/vc_column][\/vc_row][vc_row full_width=&#8220;stretch_row&#8220; css=&#8220;.vc_custom_1503582343915{padding-top: 70px !important;background-color: #f9f9f9 !important;}&#8220;][vc_column][vc_row_inner][vc_column_inner][vc_empty_space][vc_empty_space height=&#8220;15px&#8220;][\/vc_column_inner][\/vc_row_inner][vc_row_inner][vc_column_inner width=&#8220;1\/2&#8243;][vc_gallery type=&#8220;flexslider_slide&#8220; interval=&#8220;3&#8243; images=&#8220;2373,2376,2379,2382&#8243; img_size=&#8220;full&#8220;][\/vc_column_inner][vc_column_inner width=&#8220;1\/2&#8243;][vc_column_text]Die Junior Suite Familienzimmer mit Meerblick sind einzigartig ger\u00e4umige Zimmer, die Platz f\u00fcr zwei Erwachsene bieten in einem Doppelbett, mit Etagenbetten, in denen auch zwei Kinder Platz finden. Das Familienzimmer kann k\u00f6nnen auch 3 [&hellip;]<\/p>\n","protected":false},"author":7,"featured_media":0,"parent":0,"menu_order":0,"comment_status":"closed","ping_status":"closed","template":"","meta":{"_eb_attr":"","footnotes":""},"class_list":["post-2052","page","type-page","status-publish","hentry"],"_links":{"self":[{"href":"https:\/\/www.stamatiahotel.com\/de\/wp-json\/wp\/v2\/pages\/2052","targetHints":{"allow":["GET"]}}],"collection":[{"href":"https:\/\/www.stamatiahotel.com\/de\/wp-json\/wp\/v2\/pages"}],"about":[{"href":"https:\/\/www.stamatiahotel.com\/de\/wp-json\/wp\/v2\/types\/page"}],"author":[{"embeddable":true,"href":"https:\/\/www.stamatiahotel.com\/de\/wp-json\/wp\/v2\/users\/7"}],"replies":[{"embeddable":true,"href":"https:\/\/www.stamatiahotel.com\/de\/wp-json\/wp\/v2\/comments?post=2052"}],"version-history":[{"count":0,"href":"https:\/\/www.stamatiahotel.com\/de\/wp-json\/wp\/v2\/pages\/2052\/revisions"}],"wp:attachment":[{"href":"https:\/\/www.stamatiahotel.com\/de\/wp-json\/wp\/v2\/media?parent=2052"}],"curies":[{"name":"wp","href":"https:\/\/api.w.org\/{rel}","templated":true}]}}