{"id":1956,"date":"2022-02-24T06:44:21","date_gmt":"2022-02-24T06:44:21","guid":{"rendered":"https:\/\/stamatiahotel.ced-dev.com\/sport-und-freizeit\/"},"modified":"2022-03-02T05:16:27","modified_gmt":"2022-03-02T05:16:27","slug":"sport-und-freizeit","status":"publish","type":"page","link":"https:\/\/www.stamatiahotel.com\/de\/sport-und-freizeit\/","title":{"rendered":"SPORT &amp; FREIZEIT"},"content":{"rendered":"<div class=\"wpb-content-wrapper\"><p>[vc_row css=&#8220;.vc_custom_1645769980870{background-image: url(https:\/\/www.stamatiahotel.com\/wp-content\/uploads\/2022\/02\/sports.png?id=1484) !important;background-position: center !important;background-repeat: no-repeat !important;background-size: cover !important;}&#8220;][vc_column][vc_column_text]&nbsp;<br \/>\n&nbsp;<\/p>\n<h1 style=\"text-align: center;color:#fff;\"><strong>SPORT &amp; FREIZEIT<\/strong><\/h1>\n<p>&nbsp;<br \/>\n&nbsp;[\/vc_column_text][\/vc_column][\/vc_row][vc_row][vc_column][vc_column_text]&nbsp;<br \/>\n&nbsp;<\/p>\n<ul>\n<li>Abendliches Entertainment-Programm 3-4 Mal pro Woche<\/li>\n<li>Fitnessraum<\/li>\n<li>Kinderbecken<\/li>\n<li>S\u00fc\u00dfwasser-Swimmingpool im Au\u00dfenbereich<\/li>\n<li>Pool-Jacuzzi<\/li>\n<li>Pool-Liegen und Sonnenschirme<\/li>\n<li>Sauna<\/li>\n<li>Massageraum\/Professionelle Massagebehandlung *<\/li>\n<li>Tischtennis<\/li>\n<li>Kostenloses Wi-Fi<\/li>\n<li>Am Strand k\u00f6nnen Sie auch alle Arten von Wassersportarten ausprobieren, die angeboten werden.<\/li>\n<\/ul>\n<p><strong>Leicht gemacht f\u00fcr Sie und Ihre Kinder<\/strong><\/p>\n<ul>\n<li> S\u00fc\u00dfwasser-Swimmingpool f\u00fcr Kinder<\/li>\n<li>Spielbereich<\/li>\n<li>Hochst\u00fchle f\u00fcr Kinder<\/li>\n<li> Babysitting bei Bedarf*<\/li>\n<li>Kostenlose Babybetten<br \/>\n<strong>Unterhaltung:<\/strong><\/li>\n<li>Live-Programm \/ Musik, mindestens drei Mal pro Woche<\/li>\n<\/ul>\n<p><strong>* Aufpreis<\/strong>[\/vc_column_text][\/vc_column][\/vc_row]<\/p>\n<\/div>","protected":false},"excerpt":{"rendered":"<p>[vc_row css=&#8220;.vc_custom_1645769980870{background-image: url(https:\/\/www.stamatiahotel.com\/wp-content\/uploads\/2022\/02\/sports.png?id=1484) !important;background-position: center !important;background-repeat: no-repeat !important;background-size: cover !important;}&#8220;][vc_column][vc_column_text]&nbsp; &nbsp; SPORT &amp; FREIZEIT &nbsp; &nbsp;[\/vc_column_text][\/vc_column][\/vc_row][vc_row][vc_column][vc_column_text]&nbsp; &nbsp; Abendliches Entertainment-Programm 3-4 Mal pro Woche Fitnessraum Kinderbecken S\u00fc\u00dfwasser-Swimmingpool im Au\u00dfenbereich Pool-Jacuzzi Pool-Liegen und Sonnenschirme Sauna Massageraum\/Professionelle Massagebehandlung * Tischtennis Kostenloses Wi-Fi Am Strand k\u00f6nnen Sie auch alle Arten von Wassersportarten ausprobieren, die angeboten werden. Leicht gemacht f\u00fcr [&hellip;]<\/p>\n","protected":false},"author":7,"featured_media":0,"parent":0,"menu_order":0,"comment_status":"closed","ping_status":"closed","template":"","meta":{"_eb_attr":"","footnotes":""},"class_list":["post-1956","page","type-page","status-publish","hentry"],"_links":{"self":[{"href":"https:\/\/www.stamatiahotel.com\/de\/wp-json\/wp\/v2\/pages\/1956","targetHints":{"allow":["GET"]}}],"collection":[{"href":"https:\/\/www.stamatiahotel.com\/de\/wp-json\/wp\/v2\/pages"}],"about":[{"href":"https:\/\/www.stamatiahotel.com\/de\/wp-json\/wp\/v2\/types\/page"}],"author":[{"embeddable":true,"href":"https:\/\/www.stamatiahotel.com\/de\/wp-json\/wp\/v2\/users\/7"}],"replies":[{"embeddable":true,"href":"https:\/\/www.stamatiahotel.com\/de\/wp-json\/wp\/v2\/comments?post=1956"}],"version-history":[{"count":0,"href":"https:\/\/www.stamatiahotel.com\/de\/wp-json\/wp\/v2\/pages\/1956\/revisions"}],"wp:attachment":[{"href":"https:\/\/www.stamatiahotel.com\/de\/wp-json\/wp\/v2\/media?parent=1956"}],"curies":[{"name":"wp","href":"https:\/\/api.w.org\/{rel}","templated":true}]}}