{"id":1953,"date":"2017-07-19T08:30:52","date_gmt":"2017-07-19T08:30:52","guid":{"rendered":"https:\/\/stamatiahotel.ced-dev.com\/restaurant\/"},"modified":"2022-06-03T13:31:50","modified_gmt":"2022-06-03T13:31:50","slug":"restaurant","status":"publish","type":"page","link":"https:\/\/www.stamatiahotel.com\/de\/restaurant\/","title":{"rendered":"RESTAURANT"},"content":{"rendered":"<div class=\"wpb-content-wrapper\"><p>[vc_row][vc_column][vc_empty_space] <h1 style=\"color:;padding:px;text-align:;font-size:px;line-height:px;letter-spacing: px;font-weight:\" class=\"    \">Restaurant &amp; Bars<\/h1> [vc_empty_space][vc_single_image image=&#8220;2248&#8243; img_size=&#8220;full&#8220; alignment=&#8220;center&#8220;][vc_empty_space][vc_column_text]<\/p>\n<div class=\"nd_options_container nd_options_padding_0_15 nd_options_box_sizing_border_box nd_options_clearfix\">\n<div id=\"post-412\" class=\"post-412 page type-page status-publish hentry\">\n<div class=\"vc_row wpb_row vc_row-fluid\">\n<div class=\"wpb_column vc_column_container vc_col-sm-12\">\n<div class=\"vc_column-inner\">\n<div class=\"wpb_wrapper\">\n<div class=\"wpb_text_column wpb_content_element \">\n<div class=\"wpb_wrapper\">\n<h3><strong>\u201eSeagull Restaurant\u201c:<\/strong><\/h3>\n<ul>\n<li>Fr\u00fchst\u00fccksbuffet &amp; Live Kochen: 7:00-10:00 Uhr.<\/li>\n<li>Mittagsbuffet: 12:30 \u2013 14:00 Uhr.<\/li>\n<li>Abendessen Buffet &amp; Live Cooking: 18:30-21:00 Uhr.<\/li>\n<\/ul>\n<p>Das \u201eSeagull Restaurant\u201c hat ein wirklich einzigartiges Ambiente. Es ist raffiniert und ausgefallen und gleichzeitig gem\u00fctlich und zug\u00e4nglich.<br \/>\nDinieren Sie stilvoll und entspannen Sie sich in der romantischen Atmosph\u00e4re unseres Restaurants, w\u00e4hrend Sie die Aromen der mediterranen K\u00fcche oder unsere speziellen Themenabende mit internationalen Gerichten genie\u00dfen.<\/p>\n<ul>\n<li>Montag: Chinesisches Buffet<\/li>\n<li>Dienstag: Italienisches Buffet<\/li>\n<li>Mittwoch: Thail\u00e4ndisches oder Orientalisches Buffet<\/li>\n<li>Donnerstag: Mexikanisches Buffet<\/li>\n<li>Freitag: BBQ-Buffet<\/li>\n<li>Samstag: Zypern-Buffet<\/li>\n<li>Samstag: Zypern-Buffet<\/li>\n<\/ul>\n<p><strong>Genie\u00dfen Sie jeden Abend das LIVE KOCHEN.<\/strong><\/p>\n<p><strong>Kleiderordnung beim Abendessen: Smart Casual (keine \u201eMeeres\u201c-Shorts und T-Shirts ohne \u00c4rmel f\u00fcr M\u00e4nner beim Abendessen)<\/strong><\/p>\n<p><strong>\u201eAll-Inclusive-Paket\u201c<\/strong><br \/>\n<strong>Verpflegung<\/strong>: Fr\u00fchst\u00fcck, Mittag- und Abendessen sowie Snacks zu verschiedenen Zeiten zwischen den Mahlzeiten, alle bis 21:00 Uhr erh\u00e4ltlich.<br \/>\nTee, Kaffee &amp; Kekse von 10:00-23:00 Uhr. Eis von 10:00-23:00 Uhr.<br \/>\n<strong>All-Inclusive-Snacks<\/strong>: 11:00-12:00 Uhr und 15:00-17:00 Uhr.<br \/>\n<strong>Getr\u00e4nke<\/strong>\u00a0: Unbegrenzt lokale alkoholische und alkoholfreie Getr\u00e4nke, Bier vom Fass, Hauswein (nur f\u00fcr \u00fcber 18-J\u00e4hrige) und alkoholfreie Getr\u00e4nke, S\u00e4fte, Tee, Kaffee: von 10:00-23:00 Uhr an allen Hotelbars und im Restaurant (Frisch gepresster Saft nicht inbegriffen)<br \/>\n<strong>Jeweils EIN GETR\u00c4NK pro Person<\/strong><\/p>\n<p><strong>Wichtiger Hinweis: Im Falle einer Nahrungsmittelallergie sollten die G\u00e4ste dringend die Rezeption informieren.<\/strong><\/p>\n<p>&nbsp;<\/p>\n<p><strong>\u201eSiesta Pool Bar-Snack Bar\u201c<\/strong><\/p>\n<ul>\n<li>10:00-17:00 Uhr.<br \/>\nGanzt\u00e4gig leichtes Essen \u2013 A la carte Men\u00fc<br \/>\nGetr\u00e4nke \/ Snacks \/ Eis<\/li>\n<li>All-Inclusive-Snacks:<br \/>\n11:00-12:00 &amp; 15:00-17:00<\/li>\n<\/ul>\n<p><strong>\u201eSiesta Bar\u201c<\/strong><br \/>\n10:00-24:00 Uhr.<\/p>\n<ul>\n<li>All-Inclusive-Getr\u00e4nke:<br \/>\n10:00-23.00<\/li>\n<\/ul>\n<p><strong>Alle Getr\u00e4nke im Pool- und Spielplatzbereich werden aus Sicherheitsgr\u00fcnden in Plastikbechern serviert.<\/strong><\/p>\n<\/div>\n<\/div>\n<\/div>\n<\/div>\n<\/div>\n<\/div>\n<\/div>\n<\/div>\n<p>[\/vc_column_text][vc_empty_space][\/vc_column][\/vc_row]<\/p>\n<\/div>","protected":false},"excerpt":{"rendered":"<p>[vc_row][vc_column][vc_empty_space][vc_empty_space][vc_single_image image=&#8220;2248&#8243; img_size=&#8220;full&#8220; alignment=&#8220;center&#8220;][vc_empty_space][vc_column_text] \u201eSeagull Restaurant\u201c: Fr\u00fchst\u00fccksbuffet &amp; Live Kochen: 7:00-10:00 Uhr. Mittagsbuffet: 12:30 \u2013 14:00 Uhr. Abendessen Buffet &amp; Live Cooking: 18:30-21:00 Uhr. Das \u201eSeagull Restaurant\u201c hat ein wirklich einzigartiges Ambiente. Es ist raffiniert und ausgefallen und gleichzeitig gem\u00fctlich und zug\u00e4nglich. Dinieren Sie stilvoll und entspannen Sie sich in der romantischen Atmosph\u00e4re unseres Restaurants, [&hellip;]<\/p>\n","protected":false},"author":7,"featured_media":0,"parent":0,"menu_order":0,"comment_status":"closed","ping_status":"closed","template":"","meta":{"_eb_attr":"","footnotes":""},"class_list":["post-1953","page","type-page","status-publish","hentry"],"_links":{"self":[{"href":"https:\/\/www.stamatiahotel.com\/de\/wp-json\/wp\/v2\/pages\/1953","targetHints":{"allow":["GET"]}}],"collection":[{"href":"https:\/\/www.stamatiahotel.com\/de\/wp-json\/wp\/v2\/pages"}],"about":[{"href":"https:\/\/www.stamatiahotel.com\/de\/wp-json\/wp\/v2\/types\/page"}],"author":[{"embeddable":true,"href":"https:\/\/www.stamatiahotel.com\/de\/wp-json\/wp\/v2\/users\/7"}],"replies":[{"embeddable":true,"href":"https:\/\/www.stamatiahotel.com\/de\/wp-json\/wp\/v2\/comments?post=1953"}],"version-history":[{"count":0,"href":"https:\/\/www.stamatiahotel.com\/de\/wp-json\/wp\/v2\/pages\/1953\/revisions"}],"wp:attachment":[{"href":"https:\/\/www.stamatiahotel.com\/de\/wp-json\/wp\/v2\/media?parent=1953"}],"curies":[{"name":"wp","href":"https:\/\/api.w.org\/{rel}","templated":true}]}}