{"id":1945,"date":"2022-02-23T08:04:55","date_gmt":"2022-02-23T08:04:55","guid":{"rendered":"https:\/\/stamatiahotel.ced-dev.com\/zimmer\/"},"modified":"2022-06-06T13:04:14","modified_gmt":"2022-06-06T13:04:14","slug":"our-rooms","status":"publish","type":"page","link":"https:\/\/www.stamatiahotel.com\/de\/our-rooms\/","title":{"rendered":"UNSERE ZIMMER"},"content":{"rendered":"<div class=\"wpb-content-wrapper\"><p>[vc_row][vc_column][vc_empty_space] <h1 style=\"color:;padding:px;text-align:;font-size:px;line-height:px;letter-spacing: px;font-weight:\" class=\"    \">Unsere Zimmer<\/h1> [vc_empty_space][\/vc_column][\/vc_row][vc_row][vc_column width=&#8220;2\/3&#8243; offset=&#8220;vc_col-xs-12&#8243;]\n\t\t\t<!-- START Single Room Gallery1 REVOLUTION SLIDER 6.7.35 --><p class=\"rs-p-wp-fix\"><\/p>\n\t\t\t<rs-module-wrap id=\"rev_slider_19_1_wrapper\" data-source=\"gallery\" style=\"visibility:hidden;background:#000000;padding:0;margin:0px auto;margin-top:0;margin-bottom:0;\">\n\t\t\t\t<rs-module id=\"rev_slider_19_1\" style=\"\" data-version=\"6.7.35\">\n\t\t\t\t\t<rs-slides style=\"overflow: hidden; position: absolute;\">\n\t\t\t\t\t\t<rs-slide style=\"position: absolute;\" data-key=\"rs-46\" data-title=\"Rooms View\" data-thumb=\"\/\/www.stamatiahotel.com\/wp-content\/uploads\/2022\/02\/Superior-SV-room-scaled-120x120.jpg\" data-anim=\"adpr:false;\" data-in=\"o:0;\" data-out=\"a:false;\" data-p1=\"King Size\">\n\t\t\t\t\t\t\t<img fetchpriority=\"high\" decoding=\"async\" src=\"\/\/www.stamatiahotel.com\/wp-content\/plugins\/revslider\/sr6\/assets\/assets\/dummy.png\" alt=\"\" title=\"Superior SV room\" width=\"2560\" height=\"1707\" class=\"rev-slidebg tp-rs-img rs-lazyload\" data-lazyload=\"\/\/www.stamatiahotel.com\/wp-content\/uploads\/2022\/02\/Superior-SV-room-scaled.jpg\" data-panzoom=\"d:30000;ss:100;se:120;\" data-no-retina>\n<!--\n\t\t\t\t\t\t\t--><rs-layer\n\t\t\t\t\t\t\t\tid=\"slider-19-slide-46-layer-2\" \n\t\t\t\t\t\t\t\tclass=\"tp-gradientstyle tp-shape tp-shapewrapper\"\n\t\t\t\t\t\t\t\tdata-type=\"shape\"\n\t\t\t\t\t\t\t\tdata-rsp_ch=\"on\"\n\t\t\t\t\t\t\t\tdata-xy=\"x:c;y:b;\"\n\t\t\t\t\t\t\t\tdata-text=\"fw:500;\"\n\t\t\t\t\t\t\t\tdata-dim=\"w:100%;h:400px;\"\n\t\t\t\t\t\t\t\tdata-basealign=\"slide\"\n\t\t\t\t\t\t\t\tdata-frame_0=\"y:50px;\"\n\t\t\t\t\t\t\t\tdata-frame_1=\"e:power4.out;sp:2000;\"\n\t\t\t\t\t\t\t\tdata-frame_999=\"o:0;e:nothing;st:w;sR:7000;\"\n\t\t\t\t\t\t\t\tstyle=\"z-index:5;\"\n\t\t\t\t\t\t\t> \n\t\t\t\t\t\t\t<\/rs-layer><!--\n\n\t\t\t\t\t\t\t--><rs-layer\n\t\t\t\t\t\t\t\tid=\"slider-19-slide-46-layer-4\" \n\t\t\t\t\t\t\t\tclass=\"rs-svg\"\n\t\t\t\t\t\t\t\tdata-type=\"svg\"\n\t\t\t\t\t\t\t\tdata-color=\"rgba(255, 255, 255, 0.5)\"\n\t\t\t\t\t\t\t\tdata-rsp_ch=\"on\"\n\t\t\t\t\t\t\t\tdata-xy=\"xo:721px,620px,510px,510px;y:b;yo:29px,29px,9px,9px;\"\n\t\t\t\t\t\t\t\tdata-text=\"fw:400,400,500,500;\"\n\t\t\t\t\t\t\t\tdata-dim=\"w:40px,40px,50px,50px;h:40px,40px,50px,50px;\"\n\t\t\t\t\t\t\t\tdata-vbility=\"t,t,f,f\"\n\t\t\t\t\t\t\t\tdata-svg_src=\"\/\/www.stamatiahotel.com\/wp-content\/plugins\/revslider\/public\/assets\/svg\/maps\/ic_zoom_out_map_24px.svg\"\n\t\t\t\t\t\t\t\tdata-svgi=\"c:rgba(255, 255, 255, 0.5);\"\n\t\t\t\t\t\t\t\tdata-svgh=\"c:rgba(255, 255, 255, 1);\"\n\t\t\t\t\t\t\t\tdata-basealign=\"slide\"\n\t\t\t\t\t\t\t\tdata-frame_0=\"y:20px;\"\n\t\t\t\t\t\t\t\tdata-frame_1=\"e:power4.out;st:600;sp:2000;sR:600;\"\n\t\t\t\t\t\t\t\tdata-frame_999=\"o:0;e:nothing;st:w;sR:6400;\"\n\t\t\t\t\t\t\t\tdata-frame_hover=\"c:#fff;oX:50;oY:50;sp:150;e:power2.inOut;\"\n\t\t\t\t\t\t\t\tstyle=\"z-index:8;font-family:'Roboto';cursor:pointer;\"\n\t\t\t\t\t\t\t>\n\t\t\t\t\t\t\t\t<div class=\"rs-untoggled-content\"> <\/div>\n\t\t\t\t\t\t\t\t<div class=\"rs-toggled-content\"><\/div>\n\t\t\t\t\t\t\t<\/rs-layer><!--\n-->\t\t\t\t\t<\/rs-slide>\n\t\t\t\t\t\t<rs-slide style=\"position: absolute;\" data-key=\"rs-45\" data-title=\" Superior Rooms\" data-thumb=\"\/\/www.stamatiahotel.com\/wp-content\/uploads\/2022\/02\/SUPERIOR-IV-room-yellow-high-987-scaled-120x120.jpg\" data-anim=\"adpr:false;\" data-in=\"o:0;\" data-out=\"a:false;\" data-p1=\"King Size\">\n\t\t\t\t\t\t\t<img decoding=\"async\" src=\"\/\/www.stamatiahotel.com\/wp-content\/plugins\/revslider\/sr6\/assets\/assets\/dummy.png\" alt=\"\" title=\"SUPERIOR IV room yellow high 987\" width=\"2560\" height=\"1707\" class=\"rev-slidebg tp-rs-img rs-lazyload\" data-lazyload=\"\/\/www.stamatiahotel.com\/wp-content\/uploads\/2022\/02\/SUPERIOR-IV-room-yellow-high-987-scaled.jpg\" data-panzoom=\"d:30000;ss:100;se:120;\" data-no-retina>\n<!--\n\t\t\t\t\t\t\t--><rs-layer\n\t\t\t\t\t\t\t\tid=\"slider-19-slide-45-layer-2\" \n\t\t\t\t\t\t\t\tclass=\"tp-gradientstyle tp-shape tp-shapewrapper\"\n\t\t\t\t\t\t\t\tdata-type=\"shape\"\n\t\t\t\t\t\t\t\tdata-rsp_ch=\"on\"\n\t\t\t\t\t\t\t\tdata-xy=\"x:c;y:b;\"\n\t\t\t\t\t\t\t\tdata-text=\"fw:500;\"\n\t\t\t\t\t\t\t\tdata-dim=\"w:100%;h:400px;\"\n\t\t\t\t\t\t\t\tdata-basealign=\"slide\"\n\t\t\t\t\t\t\t\tdata-frame_0=\"y:50px;\"\n\t\t\t\t\t\t\t\tdata-frame_1=\"e:power4.out;sp:2000;\"\n\t\t\t\t\t\t\t\tdata-frame_999=\"o:0;e:nothing;st:w;sR:7000;\"\n\t\t\t\t\t\t\t\tstyle=\"z-index:5;\"\n\t\t\t\t\t\t\t> \n\t\t\t\t\t\t\t<\/rs-layer><!--\n\n\t\t\t\t\t\t\t--><rs-layer\n\t\t\t\t\t\t\t\tid=\"slider-19-slide-45-layer-4\" \n\t\t\t\t\t\t\t\tclass=\"rs-svg\"\n\t\t\t\t\t\t\t\tdata-type=\"svg\"\n\t\t\t\t\t\t\t\tdata-color=\"rgba(255, 255, 255, 0.5)\"\n\t\t\t\t\t\t\t\tdata-rsp_ch=\"on\"\n\t\t\t\t\t\t\t\tdata-xy=\"xo:721px,620px,510px,510px;y:b;yo:29px,29px,9px,9px;\"\n\t\t\t\t\t\t\t\tdata-text=\"fw:400,400,500,500;\"\n\t\t\t\t\t\t\t\tdata-dim=\"w:40px,40px,50px,50px;h:40px,40px,50px,50px;\"\n\t\t\t\t\t\t\t\tdata-vbility=\"t,t,f,f\"\n\t\t\t\t\t\t\t\tdata-svg_src=\"\/\/www.stamatiahotel.com\/wp-content\/plugins\/revslider\/public\/assets\/svg\/maps\/ic_zoom_out_map_24px.svg\"\n\t\t\t\t\t\t\t\tdata-svgi=\"c:rgba(255, 255, 255, 0.5);\"\n\t\t\t\t\t\t\t\tdata-svgh=\"c:rgba(255, 255, 255, 1);\"\n\t\t\t\t\t\t\t\tdata-basealign=\"slide\"\n\t\t\t\t\t\t\t\tdata-frame_0=\"y:20px;\"\n\t\t\t\t\t\t\t\tdata-frame_1=\"e:power4.out;st:600;sp:2000;sR:600;\"\n\t\t\t\t\t\t\t\tdata-frame_999=\"o:0;e:nothing;st:w;sR:6400;\"\n\t\t\t\t\t\t\t\tdata-frame_hover=\"c:#fff;oX:50;oY:50;sp:150;e:power2.inOut;\"\n\t\t\t\t\t\t\t\tstyle=\"z-index:8;font-family:'Roboto';cursor:pointer;\"\n\t\t\t\t\t\t\t>\n\t\t\t\t\t\t\t\t<div class=\"rs-untoggled-content\"> <\/div>\n\t\t\t\t\t\t\t\t<div class=\"rs-toggled-content\"><\/div>\n\t\t\t\t\t\t\t<\/rs-layer><!--\n-->\t\t\t\t\t<\/rs-slide>\n\t\t\t\t\t\t<rs-slide style=\"position: absolute;\" data-key=\"rs-47\" data-title=\"Small Bedroom\" data-thumb=\"\/\/www.stamatiahotel.com\/wp-content\/uploads\/2022\/02\/Superior-IV-or-SSV-or-SV-IMG_2999-scaled-120x120.jpg\" data-anim=\"adpr:false;\" data-in=\"o:0;\" data-out=\"a:false;\" data-p1=\"King Size\">\n\t\t\t\t\t\t\t<img decoding=\"async\" src=\"\/\/www.stamatiahotel.com\/wp-content\/plugins\/revslider\/sr6\/assets\/assets\/dummy.png\" alt=\"\" title=\"Superior IV or SSV or SV- IMG_2999\" width=\"2560\" height=\"1624\" class=\"rev-slidebg tp-rs-img rs-lazyload\" data-lazyload=\"\/\/www.stamatiahotel.com\/wp-content\/uploads\/2022\/02\/Superior-IV-or-SSV-or-SV-IMG_2999-scaled.jpg\" data-panzoom=\"d:30000;ss:100;se:120;\" data-no-retina>\n<!--\n\t\t\t\t\t\t\t--><rs-layer\n\t\t\t\t\t\t\t\tid=\"slider-19-slide-47-layer-2\" \n\t\t\t\t\t\t\t\tclass=\"tp-gradientstyle tp-shape tp-shapewrapper\"\n\t\t\t\t\t\t\t\tdata-type=\"shape\"\n\t\t\t\t\t\t\t\tdata-rsp_ch=\"on\"\n\t\t\t\t\t\t\t\tdata-xy=\"x:c;y:b;\"\n\t\t\t\t\t\t\t\tdata-text=\"fw:500;\"\n\t\t\t\t\t\t\t\tdata-dim=\"w:100%;h:400px;\"\n\t\t\t\t\t\t\t\tdata-basealign=\"slide\"\n\t\t\t\t\t\t\t\tdata-frame_0=\"y:50px;\"\n\t\t\t\t\t\t\t\tdata-frame_1=\"e:power4.out;sp:2000;\"\n\t\t\t\t\t\t\t\tdata-frame_999=\"o:0;e:nothing;st:w;sR:7000;\"\n\t\t\t\t\t\t\t\tstyle=\"z-index:5;\"\n\t\t\t\t\t\t\t> \n\t\t\t\t\t\t\t<\/rs-layer><!--\n\n\t\t\t\t\t\t\t--><rs-layer\n\t\t\t\t\t\t\t\tid=\"slider-19-slide-47-layer-4\" \n\t\t\t\t\t\t\t\tclass=\"rs-svg\"\n\t\t\t\t\t\t\t\tdata-type=\"svg\"\n\t\t\t\t\t\t\t\tdata-color=\"rgba(255, 255, 255, 0.5)\"\n\t\t\t\t\t\t\t\tdata-rsp_ch=\"on\"\n\t\t\t\t\t\t\t\tdata-xy=\"xo:721px,620px,510px,510px;y:b;yo:29px,29px,9px,9px;\"\n\t\t\t\t\t\t\t\tdata-text=\"fw:400,400,500,500;\"\n\t\t\t\t\t\t\t\tdata-dim=\"w:40px,40px,50px,50px;h:40px,40px,50px,50px;\"\n\t\t\t\t\t\t\t\tdata-vbility=\"t,t,f,f\"\n\t\t\t\t\t\t\t\tdata-svg_src=\"\/\/www.stamatiahotel.com\/wp-content\/plugins\/revslider\/public\/assets\/svg\/maps\/ic_zoom_out_map_24px.svg\"\n\t\t\t\t\t\t\t\tdata-svgi=\"c:rgba(255, 255, 255, 0.5);\"\n\t\t\t\t\t\t\t\tdata-svgh=\"c:rgba(255, 255, 255, 1);\"\n\t\t\t\t\t\t\t\tdata-basealign=\"slide\"\n\t\t\t\t\t\t\t\tdata-frame_0=\"y:20px;\"\n\t\t\t\t\t\t\t\tdata-frame_1=\"e:power4.out;st:600;sp:2000;sR:600;\"\n\t\t\t\t\t\t\t\tdata-frame_999=\"o:0;e:nothing;st:w;sR:6400;\"\n\t\t\t\t\t\t\t\tdata-frame_hover=\"c:#fff;oX:50;oY:50;sp:150;e:power2.inOut;\"\n\t\t\t\t\t\t\t\tstyle=\"z-index:8;font-family:'Roboto';cursor:pointer;\"\n\t\t\t\t\t\t\t>\n\t\t\t\t\t\t\t\t<div class=\"rs-untoggled-content\"> <\/div>\n\t\t\t\t\t\t\t\t<div class=\"rs-toggled-content\"><\/div>\n\t\t\t\t\t\t\t<\/rs-layer><!--\n-->\t\t\t\t\t<\/rs-slide>\n\t\t\t\t\t\t<rs-slide style=\"position: absolute;\" data-key=\"rs-48\" data-title=\"Lobby\" data-thumb=\"\/\/www.stamatiahotel.com\/wp-content\/uploads\/2022\/02\/STAMATIA-LOBBY-D-1-1-scaled-120x120.jpg\" data-anim=\"adpr:false;\" data-in=\"o:0;\" data-out=\"a:false;\" data-p1=\"King Size\">\n\t\t\t\t\t\t\t<img loading=\"lazy\" decoding=\"async\" src=\"\/\/www.stamatiahotel.com\/wp-content\/plugins\/revslider\/sr6\/assets\/assets\/dummy.png\" alt=\"\" title=\"STAMATIA LOBBY D 1\" width=\"2560\" height=\"1591\" class=\"rev-slidebg tp-rs-img rs-lazyload\" data-lazyload=\"\/\/www.stamatiahotel.com\/wp-content\/uploads\/2022\/02\/STAMATIA-LOBBY-D-1-1-scaled.jpg\" data-panzoom=\"d:30000;ss:100;se:120;\" data-no-retina>\n<!--\n\t\t\t\t\t\t\t--><rs-layer\n\t\t\t\t\t\t\t\tid=\"slider-19-slide-48-layer-2\" \n\t\t\t\t\t\t\t\tclass=\"tp-gradientstyle tp-shape tp-shapewrapper\"\n\t\t\t\t\t\t\t\tdata-type=\"shape\"\n\t\t\t\t\t\t\t\tdata-rsp_ch=\"on\"\n\t\t\t\t\t\t\t\tdata-xy=\"x:c;y:b;\"\n\t\t\t\t\t\t\t\tdata-text=\"fw:500;\"\n\t\t\t\t\t\t\t\tdata-dim=\"w:100%;h:400px;\"\n\t\t\t\t\t\t\t\tdata-basealign=\"slide\"\n\t\t\t\t\t\t\t\tdata-frame_0=\"y:50px;\"\n\t\t\t\t\t\t\t\tdata-frame_1=\"e:power4.out;sp:2000;\"\n\t\t\t\t\t\t\t\tdata-frame_999=\"o:0;e:nothing;st:w;sR:7000;\"\n\t\t\t\t\t\t\t\tstyle=\"z-index:5;\"\n\t\t\t\t\t\t\t> \n\t\t\t\t\t\t\t<\/rs-layer><!--\n\n\t\t\t\t\t\t\t--><rs-layer\n\t\t\t\t\t\t\t\tid=\"slider-19-slide-48-layer-4\" \n\t\t\t\t\t\t\t\tclass=\"rs-svg\"\n\t\t\t\t\t\t\t\tdata-type=\"svg\"\n\t\t\t\t\t\t\t\tdata-color=\"rgba(255, 255, 255, 0.5)\"\n\t\t\t\t\t\t\t\tdata-rsp_ch=\"on\"\n\t\t\t\t\t\t\t\tdata-xy=\"xo:721px,620px,510px,510px;y:b;yo:29px,29px,9px,9px;\"\n\t\t\t\t\t\t\t\tdata-text=\"fw:400,400,500,500;\"\n\t\t\t\t\t\t\t\tdata-dim=\"w:40px,40px,50px,50px;h:40px,40px,50px,50px;\"\n\t\t\t\t\t\t\t\tdata-vbility=\"t,t,f,f\"\n\t\t\t\t\t\t\t\tdata-svg_src=\"\/\/www.stamatiahotel.com\/wp-content\/plugins\/revslider\/public\/assets\/svg\/maps\/ic_zoom_out_map_24px.svg\"\n\t\t\t\t\t\t\t\tdata-svgi=\"c:rgba(255, 255, 255, 0.5);\"\n\t\t\t\t\t\t\t\tdata-svgh=\"c:rgba(255, 255, 255, 1);\"\n\t\t\t\t\t\t\t\tdata-basealign=\"slide\"\n\t\t\t\t\t\t\t\tdata-frame_0=\"y:20px;\"\n\t\t\t\t\t\t\t\tdata-frame_1=\"e:power4.out;st:600;sp:2000;sR:600;\"\n\t\t\t\t\t\t\t\tdata-frame_999=\"o:0;e:nothing;st:w;sR:6400;\"\n\t\t\t\t\t\t\t\tdata-frame_hover=\"c:#fff;oX:50;oY:50;sp:150;e:power2.inOut;\"\n\t\t\t\t\t\t\t\tstyle=\"z-index:8;font-family:'Roboto';cursor:pointer;\"\n\t\t\t\t\t\t\t>\n\t\t\t\t\t\t\t\t<div class=\"rs-untoggled-content\"> <\/div>\n\t\t\t\t\t\t\t\t<div class=\"rs-toggled-content\"><\/div>\n\t\t\t\t\t\t\t<\/rs-layer><!--\n-->\t\t\t\t\t<\/rs-slide>\n\t\t\t\t\t<\/rs-slides>\n\t\t\t\t<\/rs-module>\n\t\t\t\t<script>\n\t\t\t\t\tsetREVStartSize({c: 'rev_slider_19_1',rl:[1240,1024,778,778],el:[410,600,500,500],gw:[800,700,400,400],gh:[410,600,500,500],type:'carousel',justify:'',layout:'fullwidth',mh:\"0\"});if (window.RS_MODULES!==undefined && window.RS_MODULES.modules!==undefined && window.RS_MODULES.modules[\"revslider191\"]!==undefined) {window.RS_MODULES.modules[\"revslider191\"].once = false;window.revapi19 = undefined;if (window.RS_MODULES.checkMinimal!==undefined) window.RS_MODULES.checkMinimal()}\n\t\t\t\t<\/script>\n\t\t\t<\/rs-module-wrap>\n\t\t\t<!-- END REVOLUTION SLIDER -->\n[\/vc_column][vc_column width=&#8220;1\/3&#8243;][vc_column_text]<iframe style=\"border: none;\" src=\"https:\/\/stamatiahotel.reserve-online.net\/widgets\/embed\/?lang=en_GB&amp;target=_blank\" width=\"100%\" height=\"400\"><\/iframe>[\/vc_column_text][\/vc_column][\/vc_row][vc_row][vc_column width=&#8220;2\/3&#8243;][vc_column_text]<\/p>\n<div class=\"vc_row wpb_row vc_row-fluid\">\n<div class=\"wpb_column vc_column_container vc_col-sm-8\">\n<div class=\"vc_column-inner\">\n<div class=\"wpb_wrapper\">\n<div class=\"wpb_text_column wpb_content_element \">\n<div class=\"wpb_wrapper\">\n<h3><strong>Zimmer insgesamt: 151<\/strong><\/h3>\n<p>&nbsp;<\/p>\n<h1><strong>SUPERIOR-Zimmer:<\/strong><\/h1>\n<p><strong>Die Zimmer sind neu gestaltet und komplett renoviert.<\/strong><br \/>\nDie neuen M\u00f6bel und Einrichtungsgegenst\u00e4nde sowie die Armaturen geben den Zimmern ein v\u00f6llig neues Aussehen und machen den Aufenthalt unserer G\u00e4ste noch komfortabler und luxuri\u00f6ser.<br \/>\nAlle Zimmer sind elegant und modern mit einer harmonischen Mischung aus modernem Design, kombiniert mit nat\u00fcrlichen Materialien und Farben. Dies schafft eine einzigartige entspannende Atmosph\u00e4re und ein perfektes Gleichgewicht zwischen Komfort und h\u00e4uslicher Vertrautheit. Diese Kombination bildet das perfekte Gleichgewicht zwischen Komfort und<br \/>\nEntspannung, und macht die Zimmer zu einem angenehmen Ort zum Verweilen. KOSTENLOSES Wi-Fi in allen Zimmern verf\u00fcgbar. Alle Zimmer haben entweder einen Balkon oder eine Terrasse.<\/p>\n<ul>\n<li><strong>SUPERIOR ZIMMER MIT SEITLICHEM MEERBLICK<\/strong><br \/>\nAlle Zimmer haben einen Balkon mit teilweisem seitlichem Meerblick, entweder auf die Hafenbucht oder auf die Stadt von Ayia Napa Begrenzte Anzahl von Zimmern mit Verbindungst\u00fcr auf Anfrage. Zimmergr\u00f6\u00dfe: 22 Quadratmeter. Zimmer mit seitlichem Meerblick sind etwas gr\u00f6\u00dfer, bis zu 23,50 Quadratmeter.<\/li>\n<li><strong>SUPERIOR-ZIMMER MIT MEERBLICK<\/strong><br \/>\nEin Zimmer mit Meerblick bietet einen atemberaubenden Blick auf das wunderbare Meer von Ayia Napa, was diese Zimmer ideal macht f\u00fcr alle, die sich entspannen und dabei den atemberaubenden Blick auf die spektakul\u00e4re Hafenbucht mit ihrem goldenen Sand und kristallklarem Wasser oder die westliche Meerseite mit dem wundersch\u00f6nen Sonnenaufgang. Gr\u00f6\u00dfe des Zimmers: 22 Quadratmeter.<\/li>\n<li><strong>SUPERIOR-ZIMMER MIT BLICK INS INLAND<\/strong><br \/>\nEinige dieser eleganten, komfortablen Superior-Zimmer haben Inland blick<\/li>\n<li><strong>JUNIOR-SUITEN FAMILIENZIMMER MIT MEERBLICK<\/strong><br \/>\nDie Junior Suite Familienzimmer mit Meerblick sind einzigartig ger\u00e4umige Zimmer, die Platz f\u00fcr zwei Erwachsene bieten in einem Doppelbett, mit Etagenbetten, in denen auch zwei Kinder Platz finden. Das Familienzimmer kann<br \/>\nk\u00f6nnen auch 3 Erwachsene (mit Klappbett f\u00fcr den zus\u00e4tzlichen Erwachsenen) und ein Kind untergebracht werden. Das Zimmer kann geteilt werden durch interne Schiebet\u00fcren unterteilt werden.<br \/>\nUnsere Junior Suiten verbinden zeitgen\u00f6ssisches Design mit modernen Annehmlichkeiten und bieten eine komfortable und entspannende Umgebung f\u00fcr die ganze Familie<br \/>\nbenso spektakul\u00e4r wie die atemberaubende Aussicht ist diese Zimmerkategorie mit zwei seitlichen Balkonen, auch mit einen wunderbaren Sonnenaufgang und einen farbenfrohen Sonnenuntergang. Wenn die Sonne im endlosen Meer versinkt, bietet sich ein einen herrlichen Anblick, den selbst die st\u00e4rksten Worte nicht beschreiben k\u00f6nnen.<br \/>\nMini-K\u00fchlschrank, Wi-Fi und Tee- und Kaffeezubereitungsm\u00f6glichkeiten sind in dieser Art von Zimmern kostenlos verf\u00fcgbar. Ein Safe Box* ist ebenfalls verf\u00fcgbar. Zimmergr\u00f6\u00dfe: 32,50 Quadratmeter.<\/li>\n<\/ul>\n<\/div>\n<\/div>\n<\/div>\n<\/div>\n<\/div>\n<div class=\"wpb_column vc_column_container vc_col-sm-4\">\n<div class=\"vc_column-inner\">\n<div class=\"wpb_wrapper\"><\/div>\n<\/div>\n<\/div>\n<\/div>\n<div class=\"vc_row wpb_row vc_row-fluid\">\n<div class=\"wpb_column vc_column_container vc_col-sm-8\">\n<div class=\"vc_column-inner\">\n<div class=\"wpb_wrapper\">\n<div class=\"wpb_text_column wpb_content_element \">\n<div class=\"wpb_wrapper\">\n<p><strong>Anmerkung:<\/strong><br \/>\n<strong>Die maximale Kapazit\u00e4t aller Zimmertypen, mit Ausnahme der Familienzimmer, betr\u00e4gt drei Erwachsene (mit Klappbett oder\u00a0<\/strong><strong>Sesselbett f\u00fcr den dritten Erwachsenen) oder zwei Erwachsene und zwei Kinder. (Kinder werden untergebracht in\u00a0<\/strong><strong>Sesselbett, einem zus\u00e4tzlichen Klappbett oder Etagenbett untergebracht).<\/strong><br \/>\nBitte beachten Sie, dass ein Zimmer mit 2 zus\u00e4tzlichen Klappbetten oder Etagenbetten \u00fcberf\u00fcllt sein wird.<\/p>\n<p>&nbsp;<\/p>\n<p><strong>Ausstattung der G\u00e4stezimmer:<\/strong><\/p>\n<ul>\n<li>Klimatisierung<\/li>\n<li>Stuhl und Tisch im Schlafzimmer<\/li>\n<li>Balkon oder Terrasse mit einem Tisch und zwei St\u00fchlen im Freien<\/li>\n<li>Badezimmer mit Badewanne\/Dusche oder Duschkabine<\/li>\n<li>Zentralheizung<\/li>\n<li>Doppelbett oder zwei Einzelbetten<\/li>\n<li>Schminktisch mit Hocker<\/li>\n<li>Schminktisch<\/li>\n<li>Flachbild-Satelliten-Farbfernseher<\/li>\n<li>Haartrockner<\/li>\n<li>Internationale Direktwahltelefonleitung*<\/li>\n<li>Mini-K\u00fchlschrank<\/li>\n<li>Privates Schlie\u00dffach *<\/li>\n<li>Rauchmelder<\/li>\n<li>TV-Radio-Kan\u00e4le<\/li>\n<li>Wand-W\u00e4schest\u00e4nder<\/li>\n<li>Wi-Fi Internetanschluss KOSTENLOS in allen Zimmern<\/li>\n<\/ul>\n<p><strong>G\u00e4steservice-Einrichtungen:<\/strong><\/p>\n<ul>\n<li>24-Stunden-Rezeption<\/li>\n<li>Babysitting auf Anfrage*<\/li>\n<li>Strandhandt\u00fccher*<\/li>\n<li>Geldwechsel-Service<\/li>\n<li>Autovermietung<\/li>\n<li>Selbstbedienungs-Waschmaschine mit M\u00fcnzen*<\/li>\n<li>Umkleideraum \u2013 Erleichterung bei sp\u00e4ter Abreise<\/li>\n<li>Arzt auf Abruf*<\/li>\n<li>Kostenloses B\u00fcgelbrett<\/li>\n<li>Kostenloses B\u00fcgeleisen mit r\u00fcckzahlbarem Pfand<\/li>\n<li>Blumenservice*<\/li>\n<li>Kostenloses Parken<\/li>\n<li>Hoteleigene Gesch\u00e4fte (nebenan) f\u00fcr Zeitungen\/Getr\u00e4nke\/Geschenke\/Souvenirs*<\/li>\n<li>W\u00e4scherei und chemische Reinigung*<\/li>\n<li>Gep\u00e4ckaufbewahrung<\/li>\n<li>Mehrsprachiges Personal<\/li>\n<li>Sightseeing-Tour*<\/li>\n<li>Taxi-Service*<\/li>\n<li>Wi-Fi Internetverbindung in allen \u00f6ffentlichen Bereichen KOSTENLOS<\/li>\n<\/ul>\n<p><strong>* Aufpreis<\/strong><\/p>\n<p>&nbsp;<\/p>\n<p><strong>\u00d6ffentliche Bereiche :<br \/>\n<\/strong><\/p>\n<ul>\n<li>Ger\u00e4umige Lobby<\/li>\n<li>Pool und Kinderbecken<\/li>\n<li>Bar<\/li>\n<li>Wi-Fi-Internetanschluss<\/li>\n<li>Restaurant<\/li>\n<li>Sonnenterrassen<\/li>\n<li>TV lounge<\/li>\n<li>Pool Bar \/ Snack Bar<\/li>\n<li>Terrassen<\/li>\n<li>Spielplatz<\/li>\n<\/ul>\n<p>&nbsp;<\/p>\n<\/div>\n<\/div>\n<\/div>\n<\/div>\n<\/div>\n<\/div>\n<div class=\"vc_row wpb_row vc_row-fluid\">\n<div class=\"wpb_column vc_column_container vc_col-sm-8\">\n<div class=\"vc_column-inner\">\n<div class=\"wpb_wrapper\">\n<div class=\"wpb_text_column wpb_content_element \">\n<h2 class=\"hotel\">Das Hotel<\/h2>\n<\/div>\n<\/div>\n<\/div>\n<\/div>\n<\/div>\n<p>[\/vc_column_text][\/vc_column][vc_column width=&#8220;1\/3&#8243;][\/vc_column][\/vc_row][vc_row][vc_column width=&#8220;2\/3&#8243;][vc_row_inner][vc_column_inner width=&#8220;1\/3&#8243; offset=&#8220;vc_col-lg-4 vc_col-md-2&#8243;][vc_single_image image=&#8220;1846&#8243; img_size=&#8220;300 x 400&#8243; onclick=&#8220;zoom&#8220; css_animation=&#8220;none&#8220;][vc_column_text el_class=&#8220;test&#8220;]<\/p>\n<h3 style=\"text-align: center; margin-top: 10px;\"><strong>Lobby<\/strong><\/h3>\n<p>[\/vc_column_text][\/vc_column_inner][vc_column_inner width=&#8220;1\/3&#8243; offset=&#8220;vc_col-lg-4 vc_col-md-2&#8243;][vc_single_image image=&#8220;1830&#8243; img_size=&#8220;300 x 400&#8243; onclick=&#8220;zoom&#8220;][vc_column_text el_class=&#8220;test&#8220;]<\/p>\n<h3 style=\"text-align: center; margin-top: 10px;\">Restaurants<\/h3>\n<p>[\/vc_column_text][\/vc_column_inner][vc_column_inner width=&#8220;1\/3&#8243; offset=&#8220;vc_col-lg-4 vc_col-md-2&#8243;][vc_single_image image=&#8220;1872&#8243; img_size=&#8220;300 x 400&#8243; onclick=&#8220;zoom&#8220;][vc_column_text el_class=&#8220;test&#8220;]<\/p>\n<h3 style=\"text-align: center; margin-top: 10px;\">Lounge Bar<\/h3>\n<p>[\/vc_column_text][\/vc_column_inner][\/vc_row_inner][\/vc_column][vc_column width=&#8220;1\/3&#8243;][\/vc_column][\/vc_row]<\/p>\n<\/div>","protected":false},"excerpt":{"rendered":"<p>[vc_row][vc_column][vc_empty_space][vc_empty_space][\/vc_column][\/vc_row][vc_row][vc_column width=&#8220;2\/3&#8243; offset=&#8220;vc_col-xs-12&#8243;][\/vc_column][vc_column width=&#8220;1\/3&#8243;][vc_column_text][\/vc_column_text][\/vc_column][\/vc_row][vc_row][vc_column width=&#8220;2\/3&#8243;][vc_column_text] Zimmer insgesamt: 151 &nbsp; SUPERIOR-Zimmer: Die Zimmer sind neu gestaltet und komplett renoviert. Die neuen M\u00f6bel und Einrichtungsgegenst\u00e4nde sowie die Armaturen geben den Zimmern ein v\u00f6llig neues Aussehen und machen den Aufenthalt unserer G\u00e4ste noch komfortabler und luxuri\u00f6ser. Alle Zimmer sind elegant und modern mit einer harmonischen Mischung aus modernem [&hellip;]<\/p>\n","protected":false},"author":7,"featured_media":0,"parent":0,"menu_order":0,"comment_status":"closed","ping_status":"closed","template":"","meta":{"_eb_attr":"","footnotes":""},"class_list":["post-1945","page","type-page","status-publish","hentry"],"_links":{"self":[{"href":"https:\/\/www.stamatiahotel.com\/de\/wp-json\/wp\/v2\/pages\/1945","targetHints":{"allow":["GET"]}}],"collection":[{"href":"https:\/\/www.stamatiahotel.com\/de\/wp-json\/wp\/v2\/pages"}],"about":[{"href":"https:\/\/www.stamatiahotel.com\/de\/wp-json\/wp\/v2\/types\/page"}],"author":[{"embeddable":true,"href":"https:\/\/www.stamatiahotel.com\/de\/wp-json\/wp\/v2\/users\/7"}],"replies":[{"embeddable":true,"href":"https:\/\/www.stamatiahotel.com\/de\/wp-json\/wp\/v2\/comments?post=1945"}],"version-history":[{"count":0,"href":"https:\/\/www.stamatiahotel.com\/de\/wp-json\/wp\/v2\/pages\/1945\/revisions"}],"wp:attachment":[{"href":"https:\/\/www.stamatiahotel.com\/de\/wp-json\/wp\/v2\/media?parent=1945"}],"curies":[{"name":"wp","href":"https:\/\/api.w.org\/{rel}","templated":true}]}}